{"id":12793,"date":"2014-03-19T21:49:55","date_gmt":"2014-03-19T21:49:55","guid":{"rendered":"https:\/\/compoman.ee\/home\/"},"modified":"2025-10-29T13:53:46","modified_gmt":"2025-10-29T11:53:46","slug":"home","status":"publish","type":"page","link":"https:\/\/compoman.ee\/sv\/","title":{"rendered":"Home"},"content":{"rendered":"<div id='layer_slider_1'  class='avia-layerslider main_color avia-shadow  avia-builder-el-0  el_before_av_two_third  avia-builder-el-first  container_wrap sidebar_right'  style='height: 151px;'  ><\/div><div id='after_layer_slider_1'  class='main_color av_default_container_wrap container_wrap sidebar_right'  ><div class='container av-section-cont-open' ><div class='template-page content  av-content-small alpha units'><div class='post-entry post-entry-type-page post-entry-12793'><div class='entry-content-wrapper clearfix'>\n<div  class='flex_column av-13xuk-37520cbddfac95ee0d4906c21bbb8b96 av_two_third  avia-builder-el-1  el_after_av_layerslider  el_before_av_one_third  avia-builder-el-first  first flex_column_div  '     ><section  class='av_textblock_section av-11mas-0e231448cb8625df48ac3be09013998b '   itemscope=\"itemscope\" itemtype=\"https:\/\/schema.org\/CreativeWork\" ><div class='avia_textblock'  itemprop=\"text\" ><h2>V\u00c4LKOMMEN TILL COMPOMAN<\/h2>\n<p style=\"text-align: justify;\">Vi har ett brett utbud av utrustning f\u00f6r avfallshantering och vi levererar v\u00e5ra produkter \u00f6ver hela Europa. I v\u00e5rt urval hittar du ett brett utbud av produkter i m\u00e5nga modifikationer. Varje produkt i v\u00e5rt urval kan enkelt och individuellt modifieras och anpassas i enlighet med kundens behov.<\/p>\n<h3 style=\"text-align: justify;\">Maskiner f\u00f6r avfallshantering<\/h3>\n<p>Vi har ett brett utbud av produkter &#8211; station\u00e4ra och mobila komprimatorer, underjordiska hissenheter f\u00f6r komprimatorer, omlastningsstationer, \u00e5tervinningscentral med stora neddelare, avfallsrivare och mycket annat. Allt detta utvecklas i 3D av v\u00e5ra ingenj\u00f6rer och tillverkas p\u00e5 v\u00e5r egna fabrik som ligger i Tallinn.<\/p>\n<p>Vi kan tillverka kundanpassade produkter inom hela v\u00e5r produktsortiment. V\u00e5ra samarbetspartners kan f\u00e5 deras anpassade produkt inom samma leveranstid som f\u00f6r standardprodukter.<\/p>\n<p>F\u00f6r att hj\u00e4lpa v\u00e5ra kunder att v\u00e4lja den b\u00e4sta l\u00f6sningen f\u00f6r avfallshantering, erbjuder vi gratis granskning p\u00e5 plats och en l\u00f6pande kundtj\u00e4nst.<\/p>\n<\/div><\/section><br \/>\n<div id='products-list' class='av-masonry av-nzydsp-e71bfd37501f59705ea4132d24014866 noHover av-fixed-size av-1px-gap av-hover-overlay-grayscale av-masonry-animation- av-masonry-col-3 av-caption-always av-caption-style- av-masonry-gallery ' data-post_id=\"12793\"><div class=\"av-masonry-container isotope av-js-disabled\"><div class='av-masonry-entry isotope-item av-masonry-item-no-image '><\/div><a href=\"https:\/\/compoman.ee\/sv\/underjordiska-hissar\/\"  aria-label=\"image Underjordiska\"  id='av-masonry-1-item-13280' data-av-masonry-item='13280' class='av-masonry-entry isotope-item post-13280 attachment type-attachment status-inherit hentry  av-masonry-item-with-image av-grid-img' title=\"Underjordiska\" alt=\"Underjordisk l\u00f8fteudstyr\"  data-av-masonry-custom-link=\"https:\/\/compoman.ee\/sv\/underjordiska-hissar\/\"  itemprop=\"thumbnailUrl\" ><div class='av-inner-masonry-sizer'><\/div><figure class='av-inner-masonry main_color'><div class=\"av-masonry-outerimage-container\"><div class='av-masonry-image-container' style=\"background-image: url(https:\/\/compoman.ee\/wp-content\/uploads\/2014\/04\/1_underground-lifts.jpg);\"  title=\"Underjordiska\" ><\/div><\/div><figcaption class='av-inner-masonry-content site-background'><div class='av-inner-masonry-content-pos'><div class='av-inner-masonry-content-pos-content'><div class='avia-arrow'><\/div><h3 class='av-masonry-entry-title entry-title '  itemprop=\"headline\" >Underjordiska<\/h3><\/div><\/div><\/figcaption><\/figure><\/a><!--end av-masonry entry--><a href=\"https:\/\/compoman.ee\/sv\/mobila-komprimatorer\/\"  aria-label=\"image Mobila komprimatorer\"  id='av-masonry-1-item-13281' data-av-masonry-item='13281' class='av-masonry-entry isotope-item post-13281 attachment type-attachment status-inherit hentry  av-masonry-item-with-image av-grid-img' title=\"Mobila komprimatorer\" alt=\"Mobile kompaktorer\"  data-av-masonry-custom-link=\"https:\/\/compoman.ee\/sv\/mobila-komprimatorer\/\"  itemprop=\"thumbnailUrl\" ><div class='av-inner-masonry-sizer'><\/div><figure class='av-inner-masonry main_color'><div class=\"av-masonry-outerimage-container\"><div class='av-masonry-image-container' style=\"background-image: url(https:\/\/compoman.ee\/wp-content\/uploads\/2014\/04\/2_Mobile-compactors.jpg);\"  title=\"Mobila komprimatorer\" ><\/div><\/div><figcaption class='av-inner-masonry-content site-background'><div class='av-inner-masonry-content-pos'><div class='av-inner-masonry-content-pos-content'><div class='avia-arrow'><\/div><h3 class='av-masonry-entry-title entry-title '  itemprop=\"headline\" >Mobila komprimatorer<\/h3><\/div><\/div><\/figcaption><\/figure><\/a><!--end av-masonry entry--><a href=\"https:\/\/compoman.ee\/sv\/omlastningsstationer\/\"  aria-label=\"image Omladdningsstationer\"  id='av-masonry-1-item-13282' data-av-masonry-item='13282' class='av-masonry-entry isotope-item post-13282 attachment type-attachment status-inherit hentry  av-masonry-item-with-image av-grid-img' title=\"Omladdningsstationer\" alt=\"Oml\u00e6sningsstationer\"  data-av-masonry-custom-link=\"https:\/\/compoman.ee\/sv\/omlastningsstationer\/\"  itemprop=\"thumbnailUrl\" ><div class='av-inner-masonry-sizer'><\/div><figure class='av-inner-masonry main_color'><div class=\"av-masonry-outerimage-container\"><div class='av-masonry-image-container' style=\"background-image: url(https:\/\/compoman.ee\/wp-content\/uploads\/2014\/04\/3_Reloading-stations.jpg);\"  title=\"Omladdningsstationer\" ><\/div><\/div><figcaption class='av-inner-masonry-content site-background'><div class='av-inner-masonry-content-pos'><div class='av-inner-masonry-content-pos-content'><div class='avia-arrow'><\/div><h3 class='av-masonry-entry-title entry-title '  itemprop=\"headline\" >Omladdningsstationer<\/h3><\/div><\/div><\/figcaption><\/figure><\/a><!--end av-masonry entry--><div id='av-masonry-1-item-13283' data-av-masonry-item='13283' class='av-masonry-entry isotope-item post-13283 attachment type-attachment status-inherit hentry  av-masonry-item-with-image av-grid-img'    itemprop=\"thumbnailUrl\" ><div class='av-inner-masonry-sizer'><\/div><figure class='av-inner-masonry main_color'><div class=\"av-masonry-outerimage-container\"><div class='av-masonry-image-container' style=\"background-image: url(https:\/\/compoman.ee\/wp-content\/uploads\/2014\/04\/4_BigHopper-Transfer-Stations.jpg);\"  title=\"\u00c5tervinningscentral Stationer\" ><\/div><\/div><figcaption class='av-inner-masonry-content site-background'><div class='av-inner-masonry-content-pos'><div class='av-inner-masonry-content-pos-content'><div class='avia-arrow'><\/div><h3 class='av-masonry-entry-title entry-title '  itemprop=\"headline\" >\u00c5tervinningscentral Stationer<\/h3><\/div><\/div><\/figcaption><\/figure><\/div><!--end av-masonry entry--><a href=\"https:\/\/compoman.ee\/sv\/losningar-for-vatt-avfall\/\"  aria-label=\"image L\u00f6sningar f\u00f6r v\u00e5tt avfall\"  id='av-masonry-1-item-13284' data-av-masonry-item='13284' class='av-masonry-entry isotope-item post-13284 attachment type-attachment status-inherit hentry  av-masonry-item-with-image av-grid-img' title=\"L\u00f6sningar f\u00f6r v\u00e5tt avfall\" alt=\"L\u00f8sninger til v\u00e5dt affald\"  data-av-masonry-custom-link=\"https:\/\/compoman.ee\/sv\/losningar-for-vatt-avfall\/\"  itemprop=\"thumbnailUrl\" ><div class='av-inner-masonry-sizer'><\/div><figure class='av-inner-masonry main_color'><div class=\"av-masonry-outerimage-container\"><div class='av-masonry-image-container' style=\"background-image: url(https:\/\/compoman.ee\/wp-content\/uploads\/2014\/04\/5_Wet-waste-solutions.jpg);\"  title=\"L\u00f6sningar f\u00f6r v\u00e5tt avfall\" ><\/div><\/div><figcaption class='av-inner-masonry-content site-background'><div class='av-inner-masonry-content-pos'><div class='av-inner-masonry-content-pos-content'><div class='avia-arrow'><\/div><h3 class='av-masonry-entry-title entry-title '  itemprop=\"headline\" >L\u00f6sningar f\u00f6r v\u00e5tt avfall<\/h3><\/div><\/div><\/figcaption><\/figure><\/a><!--end av-masonry entry--><a href=\"https:\/\/compoman.ee\/sv\/stationara-komprimatorer\/\"  aria-label=\"image Station\u00e4ra komprimatorer\"  id='av-masonry-1-item-13285' data-av-masonry-item='13285' class='av-masonry-entry isotope-item post-13285 attachment type-attachment status-inherit hentry  av-masonry-item-with-image av-grid-img' title=\"Station\u00e4ra komprimatorer\" alt=\"Station\u00e6re kompaktorer\"  data-av-masonry-custom-link=\"https:\/\/compoman.ee\/sv\/stationara-komprimatorer\/\"  itemprop=\"thumbnailUrl\" ><div class='av-inner-masonry-sizer'><\/div><figure class='av-inner-masonry main_color'><div class=\"av-masonry-outerimage-container\"><div class='av-masonry-image-container' style=\"background-image: url(https:\/\/compoman.ee\/wp-content\/uploads\/2014\/04\/6_Static-compactors.jpg);\"  title=\"Station\u00e4ra komprimatorer\" ><\/div><\/div><figcaption class='av-inner-masonry-content site-background'><div class='av-inner-masonry-content-pos'><div class='av-inner-masonry-content-pos-content'><div class='avia-arrow'><\/div><h3 class='av-masonry-entry-title entry-title '  itemprop=\"headline\" >Station\u00e4ra komprimatorer<\/h3><\/div><\/div><\/figcaption><\/figure><\/a><!--end av-masonry entry--><a href=\"https:\/\/compoman.ee\/sv\/manovrerade-komprimatorer\/\"  aria-label=\"image Man\u00f6vrerade komprimatorer\"  id='av-masonry-1-item-13286' data-av-masonry-item='13286' class='av-masonry-entry isotope-item post-13286 attachment type-attachment status-inherit hentry  av-masonry-item-with-image av-grid-img' title=\"Man\u00f6vrerade komprimatorer\" alt=\"T\u00f8mmekompaktorer\"  data-av-masonry-custom-link=\"https:\/\/compoman.ee\/sv\/manovrerade-komprimatorer\/\"  itemprop=\"thumbnailUrl\" ><div class='av-inner-masonry-sizer'><\/div><figure class='av-inner-masonry main_color'><div class=\"av-masonry-outerimage-container\"><div class='av-masonry-image-container' style=\"background-image: url(https:\/\/compoman.ee\/wp-content\/uploads\/2014\/04\/7_Traversing-compactors.jpg);\"  title=\"Man\u00f6vrerade komprimatorer\" ><\/div><\/div><figcaption class='av-inner-masonry-content site-background'><div class='av-inner-masonry-content-pos'><div class='av-inner-masonry-content-pos-content'><div class='avia-arrow'><\/div><h3 class='av-masonry-entry-title entry-title '  itemprop=\"headline\" >Man\u00f6vrerade komprimatorer<\/h3><\/div><\/div><\/figcaption><\/figure><\/a><!--end av-masonry entry--><a href=\"https:\/\/compoman.ee\/sv\/karlvandare\/\"  aria-label=\"image K\u00e4rlv\u00e4ndare\"  id='av-masonry-1-item-13288' data-av-masonry-item='13288' class='av-masonry-entry isotope-item post-13288 attachment type-attachment status-inherit hentry  av-masonry-item-with-image av-grid-img' title=\"K\u00e4rlv\u00e4ndare\" alt=\"L\u00f8ftesystemer til affaldsb\u00f8tter\"  data-av-masonry-custom-link=\"https:\/\/compoman.ee\/sv\/karlvandare\/\"  itemprop=\"thumbnailUrl\" ><div class='av-inner-masonry-sizer'><\/div><figure class='av-inner-masonry main_color'><div class=\"av-masonry-outerimage-container\"><div class='av-masonry-image-container' style=\"background-image: url(https:\/\/compoman.ee\/wp-content\/uploads\/2014\/04\/9_Bin-lifters.jpg);\"  title=\"K\u00e4rlv\u00e4ndare\" ><\/div><\/div><figcaption class='av-inner-masonry-content site-background'><div class='av-inner-masonry-content-pos'><div class='av-inner-masonry-content-pos-content'><div class='avia-arrow'><\/div><h3 class='av-masonry-entry-title entry-title '  itemprop=\"headline\" >K\u00e4rlv\u00e4ndare<\/h3><\/div><\/div><\/figcaption><\/figure><\/a><!--end av-masonry entry--><a href=\"https:\/\/compoman.ee\/sv\/avfallsrivare\/\"  aria-label=\"image Avfallsrivare\"  id='av-masonry-1-item-13289' data-av-masonry-item='13289' class='av-masonry-entry isotope-item post-13289 attachment type-attachment status-inherit hentry  av-masonry-item-with-image av-grid-img' title=\"Avfallsrivare\" alt=\"Shreddermaskiner\"  data-av-masonry-custom-link=\"https:\/\/compoman.ee\/sv\/avfallsrivare\/\"  itemprop=\"thumbnailUrl\" ><div class='av-inner-masonry-sizer'><\/div><figure class='av-inner-masonry main_color'><div class=\"av-masonry-outerimage-container\"><div class='av-masonry-image-container' style=\"background-image: url(https:\/\/compoman.ee\/wp-content\/uploads\/2014\/04\/10_Shredders.jpg);\"  title=\"Avfallsrivare\" ><\/div><\/div><figcaption class='av-inner-masonry-content site-background'><div class='av-inner-masonry-content-pos'><div class='av-inner-masonry-content-pos-content'><div class='avia-arrow'><\/div><h3 class='av-masonry-entry-title entry-title '  itemprop=\"headline\" >Avfallsrivare<\/h3><\/div><\/div><\/figcaption><\/figure><\/a><!--end av-masonry entry--><a href=\"https:\/\/compoman.ee\/sv\/underjordiska-containrar\/\"  aria-label=\"image Underjordiska containrar\"  id='av-masonry-1-item-13290' data-av-masonry-item='13290' class='av-masonry-entry isotope-item post-13290 attachment type-attachment status-inherit hentry  av-masonry-item-with-image av-grid-img' title=\"Underjordiska containrar\" alt=\"Nedgravede affaldscontainere\"  data-av-masonry-custom-link=\"https:\/\/compoman.ee\/sv\/underjordiska-containrar\/\"  itemprop=\"thumbnailUrl\" ><div class='av-inner-masonry-sizer'><\/div><figure class='av-inner-masonry main_color'><div class=\"av-masonry-outerimage-container\"><div class='av-masonry-image-container' style=\"background-image: url(https:\/\/compoman.ee\/wp-content\/uploads\/2014\/04\/11_Deep-collection-containers.jpg);\"  title=\"Underjordiska containrar\" ><\/div><\/div><figcaption class='av-inner-masonry-content site-background'><div class='av-inner-masonry-content-pos'><div class='av-inner-masonry-content-pos-content'><div class='avia-arrow'><\/div><h3 class='av-masonry-entry-title entry-title '  itemprop=\"headline\" >Underjordiska containrar<\/h3><\/div><\/div><\/figcaption><\/figure><\/a><!--end av-masonry entry--><a href=\"https:\/\/compoman.ee\/sv\/balpressar\/\"  aria-label=\"image Balpressar\"  id='av-masonry-1-item-13291' data-av-masonry-item='13291' class='av-masonry-entry isotope-item post-13291 attachment type-attachment status-inherit hentry  av-masonry-item-with-image av-grid-img' title=\"Balpressar\" alt=\"Ballepresser\"  data-av-masonry-custom-link=\"https:\/\/compoman.ee\/sv\/balpressar\/\"  itemprop=\"thumbnailUrl\" ><div class='av-inner-masonry-sizer'><\/div><figure class='av-inner-masonry main_color'><div class=\"av-masonry-outerimage-container\"><div class='av-masonry-image-container' style=\"background-image: url(https:\/\/compoman.ee\/wp-content\/uploads\/2014\/04\/12_Balers.jpg);\"  title=\"Balpressar\" ><\/div><\/div><figcaption class='av-inner-masonry-content site-background'><div class='av-inner-masonry-content-pos'><div class='av-inner-masonry-content-pos-content'><div class='avia-arrow'><\/div><h3 class='av-masonry-entry-title entry-title '  itemprop=\"headline\" >Balpressar<\/h3><\/div><\/div><\/figcaption><\/figure><\/a><!--end av-masonry entry--><a href=\"https:\/\/compoman.ee\/sv\/korande-komprimatorer\/\"  aria-label=\"image Sj\u00e4lvk\u00f6rande komprimatorer\"  id='av-masonry-1-item-13287' data-av-masonry-item='13287' class='av-masonry-entry isotope-item post-13287 attachment type-attachment status-inherit hentry  av-masonry-item-with-image av-grid-img' title=\"Sj\u00e4lvk\u00f6rande komprimatorer\" alt=\"Selvk\u00f8rende kompaktorer\"  data-av-masonry-custom-link=\"https:\/\/compoman.ee\/sv\/korande-komprimatorer\/\"  itemprop=\"thumbnailUrl\" ><div class='av-inner-masonry-sizer'><\/div><figure class='av-inner-masonry main_color'><div class=\"av-masonry-outerimage-container\"><div class='av-masonry-image-container' style=\"background-image: url(https:\/\/compoman.ee\/wp-content\/uploads\/2014\/04\/8_Special-works.jpg);\"  title=\"Sj\u00e4lvk\u00f6rande komprimatorer\" ><\/div><\/div><figcaption class='av-inner-masonry-content site-background'><div class='av-inner-masonry-content-pos'><div class='av-inner-masonry-content-pos-content'><div class='avia-arrow'><\/div><h3 class='av-masonry-entry-title entry-title '  itemprop=\"headline\" >Sj\u00e4lvk\u00f6rande komprimatorer<\/h3><\/div><\/div><\/figcaption><\/figure><\/a><!--end av-masonry entry--><\/div><\/div><\/p><\/div><div  class='flex_column av-7lqi-a8e781d4dacd46c55c3bd0762804f0f4 av_one_third  avia-builder-el-4  el_after_av_two_third  avia-builder-el-last  flex_column_div  '     ><p><div  class='avia-builder-widget-area clearfix  avia-builder-el-5  el_before_av_image  avia-builder-el-first '><div id=\"custom_html-2\" class=\"widget_text widget clearfix widget_custom_html\"><h3 class=\"widgettitle\">COMPOMAN O\u00dc<\/h3><div class=\"textwidget custom-html-widget\"><p>M\u00e4ealuse 6B<br>\r\n12618 Tallinn<br>\r\nEstonia<br>\r\n<strong>tel:<\/strong> +372 670 2401<br>\r\n<strong>email:<\/strong>info[@]compoman.ee<\/p><\/div><\/div><\/div><br \/>\n\n<style type=\"text\/css\" data-created_by=\"avia_inline_auto\" id=\"style-css-av-44n6-81200ee7c2699a38ca6660fd43e7545d\">\n.avia-image-container.av-44n6-81200ee7c2699a38ca6660fd43e7545d img.avia_image{\nbox-shadow:none;\n}\n.avia-image-container.av-44n6-81200ee7c2699a38ca6660fd43e7545d .av-image-caption-overlay-center{\ncolor:#ffffff;\n}\n<\/style>\n<div  class='avia-image-container av-44n6-81200ee7c2699a38ca6660fd43e7545d av-styling- avia-align-center  avia-builder-el-6  el_after_av_sidebar  avia-builder-el-last '   itemprop=\"image\" itemscope=\"itemscope\" itemtype=\"https:\/\/schema.org\/ImageObject\" ><div class=\"avia-image-container-inner\"><div class=\"avia-image-overlay-wrap\"><img decoding=\"async\" fetchpriority=\"high\" class='wp-image-13927 avia-img-lazy-loading-not-13927 avia_image ' src=\"https:\/\/compoman.ee\/wp-content\/uploads\/2021\/06\/Creditinfo_mark_ENG_1-300x300.png\" alt='' title='Creditinfo_mark_ENG_1'  height=\"300\" width=\"300\"  itemprop=\"thumbnailUrl\" srcset=\"https:\/\/compoman.ee\/wp-content\/uploads\/2021\/06\/Creditinfo_mark_ENG_1-300x300.png 300w, https:\/\/compoman.ee\/wp-content\/uploads\/2021\/06\/Creditinfo_mark_ENG_1-80x80.png 80w, https:\/\/compoman.ee\/wp-content\/uploads\/2021\/06\/Creditinfo_mark_ENG_1-36x36.png 36w, https:\/\/compoman.ee\/wp-content\/uploads\/2021\/06\/Creditinfo_mark_ENG_1-180x180.png 180w, https:\/\/compoman.ee\/wp-content\/uploads\/2021\/06\/Creditinfo_mark_ENG_1-120x120.png 120w, https:\/\/compoman.ee\/wp-content\/uploads\/2021\/06\/Creditinfo_mark_ENG_1-450x450.png 450w, https:\/\/compoman.ee\/wp-content\/uploads\/2021\/06\/Creditinfo_mark_ENG_1.png 600w\" sizes=\"(max-width: 300px) 100vw, 300px\" \/><\/div><\/div><\/div><\/p><\/div><\/p>\n","protected":false},"excerpt":{"rendered":"","protected":false},"author":1,"featured_media":0,"parent":0,"menu_order":0,"comment_status":"open","ping_status":"open","template":"","meta":{"footnotes":""},"class_list":["post-12793","page","type-page","status-publish","hentry"],"yoast_head":"<!-- This site is optimized with the Yoast SEO plugin v26.6 - https:\/\/yoast.com\/wordpress\/plugins\/seo\/ -->\n<title>Waste Disposal Machinery - Compoman O\u00dc<\/title>\n<meta name=\"description\" content=\"We offer large range of waste disposal machinery, compactors and made-to-order solutions. Each product is individually modified and customized for end user.\" \/>\n<meta name=\"robots\" content=\"index, follow, max-snippet:-1, max-image-preview:large, max-video-preview:-1\" \/>\n<link rel=\"canonical\" href=\"https:\/\/compoman.ee\/sv\/\" \/>\n<meta property=\"og:locale\" content=\"sv_SE\" \/>\n<meta property=\"og:type\" content=\"article\" \/>\n<meta property=\"og:title\" content=\"Waste Disposal Machinery - Compoman O\u00dc\" \/>\n<meta property=\"og:description\" content=\"We offer large range of waste disposal machinery, compactors and made-to-order solutions. Each product is individually modified and customized for end user.\" \/>\n<meta property=\"og:url\" content=\"https:\/\/compoman.ee\/sv\/\" \/>\n<meta property=\"og:site_name\" content=\"Waste Disposal Machinery\" \/>\n<meta property=\"article:modified_time\" content=\"2025-10-29T11:53:46+00:00\" \/>\n<meta name=\"twitter:label1\" content=\"Ber\u00e4knad l\u00e4stid\" \/>\n\t<meta name=\"twitter:data1\" content=\"3 minuter\" \/>\n<script type=\"application\/ld+json\" class=\"yoast-schema-graph\">{\"@context\":\"https:\/\/schema.org\",\"@graph\":[{\"@type\":\"WebPage\",\"@id\":\"https:\/\/compoman.ee\/sv\/\",\"url\":\"https:\/\/compoman.ee\/sv\/\",\"name\":\"Waste Disposal Machinery - Compoman O\u00dc\",\"isPartOf\":{\"@id\":\"https:\/\/compoman.ee\/#website\"},\"datePublished\":\"2014-03-19T21:49:55+00:00\",\"dateModified\":\"2025-10-29T11:53:46+00:00\",\"description\":\"We offer large range of waste disposal machinery, compactors and made-to-order solutions. Each product is individually modified and customized for end user.\",\"breadcrumb\":{\"@id\":\"https:\/\/compoman.ee\/sv\/#breadcrumb\"},\"inLanguage\":\"sv-SE\",\"potentialAction\":[{\"@type\":\"ReadAction\",\"target\":[\"https:\/\/compoman.ee\/sv\/\"]}]},{\"@type\":\"BreadcrumbList\",\"@id\":\"https:\/\/compoman.ee\/sv\/#breadcrumb\",\"itemListElement\":[{\"@type\":\"ListItem\",\"position\":1,\"name\":\"Home\",\"item\":\"https:\/\/compoman.ee\/sv\/\"},{\"@type\":\"ListItem\",\"position\":2,\"name\":\"Home\"}]},{\"@type\":\"WebSite\",\"@id\":\"https:\/\/compoman.ee\/#website\",\"url\":\"https:\/\/compoman.ee\/\",\"name\":\"Waste Disposal Machinery\",\"description\":\"Compoman Ltd\",\"publisher\":{\"@id\":\"https:\/\/compoman.ee\/#organization\"},\"potentialAction\":[{\"@type\":\"SearchAction\",\"target\":{\"@type\":\"EntryPoint\",\"urlTemplate\":\"https:\/\/compoman.ee\/?s={search_term_string}\"},\"query-input\":{\"@type\":\"PropertyValueSpecification\",\"valueRequired\":true,\"valueName\":\"search_term_string\"}}],\"inLanguage\":\"sv-SE\"},{\"@type\":\"Organization\",\"@id\":\"https:\/\/compoman.ee\/#organization\",\"name\":\"Waste Disposal Machinery\",\"url\":\"https:\/\/compoman.ee\/\",\"logo\":{\"@type\":\"ImageObject\",\"inLanguage\":\"sv-SE\",\"@id\":\"https:\/\/compoman.ee\/#\/schema\/logo\/image\/\",\"url\":\"https:\/\/compoman.ee\/wp-content\/uploads\/2014\/03\/compoman-logo-final.png\",\"contentUrl\":\"https:\/\/compoman.ee\/wp-content\/uploads\/2014\/03\/compoman-logo-final.png\",\"width\":325,\"height\":68,\"caption\":\"Waste Disposal Machinery\"},\"image\":{\"@id\":\"https:\/\/compoman.ee\/#\/schema\/logo\/image\/\"}}]}<\/script>\n<!-- \/ Yoast SEO plugin. -->","yoast_head_json":{"title":"Waste Disposal Machinery - Compoman O\u00dc","description":"We offer large range of waste disposal machinery, compactors and made-to-order solutions. Each product is individually modified and customized for end user.","robots":{"index":"index","follow":"follow","max-snippet":"max-snippet:-1","max-image-preview":"max-image-preview:large","max-video-preview":"max-video-preview:-1"},"canonical":"https:\/\/compoman.ee\/sv\/","og_locale":"sv_SE","og_type":"article","og_title":"Waste Disposal Machinery - Compoman O\u00dc","og_description":"We offer large range of waste disposal machinery, compactors and made-to-order solutions. Each product is individually modified and customized for end user.","og_url":"https:\/\/compoman.ee\/sv\/","og_site_name":"Waste Disposal Machinery","article_modified_time":"2025-10-29T11:53:46+00:00","twitter_misc":{"Ber\u00e4knad l\u00e4stid":"3 minuter"},"schema":{"@context":"https:\/\/schema.org","@graph":[{"@type":"WebPage","@id":"https:\/\/compoman.ee\/sv\/","url":"https:\/\/compoman.ee\/sv\/","name":"Waste Disposal Machinery - Compoman O\u00dc","isPartOf":{"@id":"https:\/\/compoman.ee\/#website"},"datePublished":"2014-03-19T21:49:55+00:00","dateModified":"2025-10-29T11:53:46+00:00","description":"We offer large range of waste disposal machinery, compactors and made-to-order solutions. Each product is individually modified and customized for end user.","breadcrumb":{"@id":"https:\/\/compoman.ee\/sv\/#breadcrumb"},"inLanguage":"sv-SE","potentialAction":[{"@type":"ReadAction","target":["https:\/\/compoman.ee\/sv\/"]}]},{"@type":"BreadcrumbList","@id":"https:\/\/compoman.ee\/sv\/#breadcrumb","itemListElement":[{"@type":"ListItem","position":1,"name":"Home","item":"https:\/\/compoman.ee\/sv\/"},{"@type":"ListItem","position":2,"name":"Home"}]},{"@type":"WebSite","@id":"https:\/\/compoman.ee\/#website","url":"https:\/\/compoman.ee\/","name":"Waste Disposal Machinery","description":"Compoman Ltd","publisher":{"@id":"https:\/\/compoman.ee\/#organization"},"potentialAction":[{"@type":"SearchAction","target":{"@type":"EntryPoint","urlTemplate":"https:\/\/compoman.ee\/?s={search_term_string}"},"query-input":{"@type":"PropertyValueSpecification","valueRequired":true,"valueName":"search_term_string"}}],"inLanguage":"sv-SE"},{"@type":"Organization","@id":"https:\/\/compoman.ee\/#organization","name":"Waste Disposal Machinery","url":"https:\/\/compoman.ee\/","logo":{"@type":"ImageObject","inLanguage":"sv-SE","@id":"https:\/\/compoman.ee\/#\/schema\/logo\/image\/","url":"https:\/\/compoman.ee\/wp-content\/uploads\/2014\/03\/compoman-logo-final.png","contentUrl":"https:\/\/compoman.ee\/wp-content\/uploads\/2014\/03\/compoman-logo-final.png","width":325,"height":68,"caption":"Waste Disposal Machinery"},"image":{"@id":"https:\/\/compoman.ee\/#\/schema\/logo\/image\/"}}]}},"_links":{"self":[{"href":"https:\/\/compoman.ee\/sv\/wp-json\/wp\/v2\/pages\/12793","targetHints":{"allow":["GET"]}}],"collection":[{"href":"https:\/\/compoman.ee\/sv\/wp-json\/wp\/v2\/pages"}],"about":[{"href":"https:\/\/compoman.ee\/sv\/wp-json\/wp\/v2\/types\/page"}],"author":[{"embeddable":true,"href":"https:\/\/compoman.ee\/sv\/wp-json\/wp\/v2\/users\/1"}],"replies":[{"embeddable":true,"href":"https:\/\/compoman.ee\/sv\/wp-json\/wp\/v2\/comments?post=12793"}],"version-history":[{"count":21,"href":"https:\/\/compoman.ee\/sv\/wp-json\/wp\/v2\/pages\/12793\/revisions"}],"predecessor-version":[{"id":14163,"href":"https:\/\/compoman.ee\/sv\/wp-json\/wp\/v2\/pages\/12793\/revisions\/14163"}],"wp:attachment":[{"href":"https:\/\/compoman.ee\/sv\/wp-json\/wp\/v2\/media?parent=12793"}],"curies":[{"name":"wp","href":"https:\/\/api.w.org\/{rel}","templated":true}]}}