{"id":2625,"date":"2014-03-19T21:49:55","date_gmt":"2014-03-19T21:49:55","guid":{"rendered":"http:\/\/compoman.com\/home-2\/"},"modified":"2025-10-29T13:58:05","modified_gmt":"2025-10-29T11:58:05","slug":"home","status":"publish","type":"page","link":"https:\/\/compoman.ee\/da\/","title":{"rendered":"Home"},"content":{"rendered":"<div id='layer_slider_1'  class='avia-layerslider main_color avia-shadow  avia-builder-el-0  el_before_av_two_third  avia-builder-el-first  container_wrap sidebar_right'  style='height: 151px;'  ><\/div><div id='after_layer_slider_1'  class='main_color av_default_container_wrap container_wrap sidebar_right'  ><div class='container av-section-cont-open' ><div class='template-page content  av-content-small alpha units'><div class='post-entry post-entry-type-page post-entry-2625'><div class='entry-content-wrapper clearfix'>\n<div  class='flex_column av-vo6829-8af7e21b3f965d5f795186bf757bdd92 av_two_third  avia-builder-el-1  el_after_av_layerslider  el_before_av_one_third  avia-builder-el-first  first flex_column_div  '     ><section  class='av_textblock_section av-urzbdt-0b7823ba20ca31195d3e960219575d05 '   itemscope=\"itemscope\" itemtype=\"https:\/\/schema.org\/CreativeWork\" ><div class='avia_textblock'  itemprop=\"text\" ><h2>VELKOMMEN TIL COMPOMAN<\/h2>\n<p>Vi tilbyder Europas st\u00f8rste udvalg af udstyr til affaldsh\u00e5ndtering. Vores produktudvalg omfatter et bredt sortiment i mange versioner. Alle produkter i vores udvalg kan nemt tilpasses til den enkelte slutbrugers behov.<\/p>\n<h3>Maskiner til affaldsh\u00e5ndtering &#8211; omkostningseffektive l\u00f8sninger til dit affald<\/h3>\n<p>Vi tilbyder et stort udvalg af maskiner til affaldsh\u00e5ndtering \u2013 station\u00e6re og mobile kompaktorer, underjordisk l\u00f8fteudstyr til kompaktorer, oml\u00e6sningsstationer, affaldst\u00f8mmestationer med store l\u00f8ftetragte, shreddermaskiner og meget mere. Alle produkter er designet i 3D af vores egne ingeni\u00f8rer og fremstillet p\u00e5 vore fabriksanl\u00e6g i Tallinn.<\/p>\n<p>Vi kan tilbyde partnertilpassede l\u00f8sninger for alle vores produkter. Vores partnere modtager deres personaliserede og brugertilpassede produkter inden for normal standardleveringstid.<\/p>\n<p>Vi hj\u00e6lper vores kunder med at finde frem til den mest effektive l\u00f8sning til affaldsh\u00e5ndtering ved at tilbyde gratis konsultation p\u00e5 opstillingsstedet og konstant kundesupport.<\/p>\n<\/div><\/section><br \/>\n<div id='products-list' class='av-masonry av-kq1ht4de-b3b4a0f9612edacc0e9c116438bc3c42 noHover av-fixed-size av-1px-gap av-hover-overlay-grayscale av-masonry-animation- av-masonry-col-3 av-caption-always av-caption-style- av-masonry-gallery ' data-post_id=\"2625\"><div class=\"av-masonry-container isotope av-js-disabled\"><div class='av-masonry-entry isotope-item av-masonry-item-no-image '><\/div><a href=\"https:\/\/compoman.ee\/da\/underjordisk-lofteudstyr\/\"  aria-label=\"image Underjordisk l\u00f8fteudstyr\"  id='av-masonry-1-item-12740' data-av-masonry-item='12740' class='av-masonry-entry isotope-item post-12740 attachment type-attachment status-inherit hentry  av-masonry-item-with-image av-grid-img' title=\"Underjordisk l\u00f8fteudstyr\" alt=\"Underjordisk l\u00f8fteudstyr\"  data-av-masonry-custom-link=\"https:\/\/compoman.ee\/da\/underjordisk-lofteudstyr\/\"  itemprop=\"thumbnailUrl\" ><div class='av-inner-masonry-sizer'><\/div><figure class='av-inner-masonry main_color'><div class=\"av-masonry-outerimage-container\"><div class='av-masonry-image-container' style=\"background-image: url(https:\/\/compoman.ee\/wp-content\/uploads\/2014\/04\/1_underground-lifts.jpg);\"  title=\"Underjordisk l\u00f8fteudstyr\" ><\/div><\/div><figcaption class='av-inner-masonry-content site-background'><div class='av-inner-masonry-content-pos'><div class='av-inner-masonry-content-pos-content'><div class='avia-arrow'><\/div><h3 class='av-masonry-entry-title entry-title '  itemprop=\"headline\" >Underjordisk l\u00f8fteudstyr<\/h3><\/div><\/div><\/figcaption><\/figure><\/a><!--end av-masonry entry--><a href=\"https:\/\/compoman.ee\/da\/mobile-kompaktorer\/\"  aria-label=\"image Mobile kompaktorer\"  id='av-masonry-1-item-12741' data-av-masonry-item='12741' class='av-masonry-entry isotope-item post-12741 attachment type-attachment status-inherit hentry  av-masonry-item-with-image av-grid-img' title=\"Mobile kompaktorer\" alt=\"Mobile kompaktorer\"  data-av-masonry-custom-link=\"https:\/\/compoman.ee\/da\/mobile-kompaktorer\/\"  itemprop=\"thumbnailUrl\" ><div class='av-inner-masonry-sizer'><\/div><figure class='av-inner-masonry main_color'><div class=\"av-masonry-outerimage-container\"><div class='av-masonry-image-container' style=\"background-image: url(https:\/\/compoman.ee\/wp-content\/uploads\/2014\/04\/2_Mobile-compactors.jpg);\"  title=\"Mobile kompaktorer\" ><\/div><\/div><figcaption class='av-inner-masonry-content site-background'><div class='av-inner-masonry-content-pos'><div class='av-inner-masonry-content-pos-content'><div class='avia-arrow'><\/div><h3 class='av-masonry-entry-title entry-title '  itemprop=\"headline\" >Mobile kompaktorer<\/h3><\/div><\/div><\/figcaption><\/figure><\/a><!--end av-masonry entry--><a href=\"https:\/\/compoman.ee\/da\/omlaestestationer\/\"  aria-label=\"image Oml\u00e6sningsstationer\"  id='av-masonry-1-item-12742' data-av-masonry-item='12742' class='av-masonry-entry isotope-item post-12742 attachment type-attachment status-inherit hentry  av-masonry-item-with-image av-grid-img' title=\"Oml\u00e6sningsstationer\" alt=\"Oml\u00e6sningsstationer\"  data-av-masonry-custom-link=\"https:\/\/compoman.ee\/da\/omlaestestationer\/\"  itemprop=\"thumbnailUrl\" ><div class='av-inner-masonry-sizer'><\/div><figure class='av-inner-masonry main_color'><div class=\"av-masonry-outerimage-container\"><div class='av-masonry-image-container' style=\"background-image: url(https:\/\/compoman.ee\/wp-content\/uploads\/2014\/04\/3_Reloading-stations.jpg);\"  title=\"Oml\u00e6sningsstationer\" ><\/div><\/div><figcaption class='av-inner-masonry-content site-background'><div class='av-inner-masonry-content-pos'><div class='av-inner-masonry-content-pos-content'><div class='avia-arrow'><\/div><h3 class='av-masonry-entry-title entry-title '  itemprop=\"headline\" >Oml\u00e6sningsstationer<\/h3><\/div><\/div><\/figcaption><\/figure><\/a><!--end av-masonry entry--><a href=\"https:\/\/compoman.ee\/da\/affaldstommestation-med-big-hopper\/\"  aria-label=\"image T\u00f8mningsstationer med tragte\"  id='av-masonry-1-item-12743' data-av-masonry-item='12743' class='av-masonry-entry isotope-item post-12743 attachment type-attachment status-inherit hentry  av-masonry-item-with-image av-grid-img' title=\"T\u00f8mningsstationer med tragte\" alt=\"T\u00f8mningsstationer med tragte\"  data-av-masonry-custom-link=\"https:\/\/compoman.ee\/da\/affaldstommestation-med-big-hopper\/\"  itemprop=\"thumbnailUrl\" ><div class='av-inner-masonry-sizer'><\/div><figure class='av-inner-masonry main_color'><div class=\"av-masonry-outerimage-container\"><div class='av-masonry-image-container' style=\"background-image: url(https:\/\/compoman.ee\/wp-content\/uploads\/2014\/04\/4_BigHopper-Transfer-Stations.jpg);\"  title=\"T\u00f8mningsstationer med tragte\" ><\/div><\/div><figcaption class='av-inner-masonry-content site-background'><div class='av-inner-masonry-content-pos'><div class='av-inner-masonry-content-pos-content'><div class='avia-arrow'><\/div><h3 class='av-masonry-entry-title entry-title '  itemprop=\"headline\" >T\u00f8mningsstationer med tragte<\/h3><\/div><\/div><\/figcaption><\/figure><\/a><!--end av-masonry entry--><a href=\"https:\/\/compoman.ee\/da\/vadt-affald-losninger\/\"  aria-label=\"image L\u00f8sninger til v\u00e5dt affald\"  id='av-masonry-1-item-12745' data-av-masonry-item='12745' class='av-masonry-entry isotope-item post-12745 attachment type-attachment status-inherit hentry  av-masonry-item-with-image av-grid-img' title=\"L\u00f8sninger til v\u00e5dt affald\" alt=\"L\u00f8sninger til v\u00e5dt affald\"  data-av-masonry-custom-link=\"https:\/\/compoman.ee\/da\/vadt-affald-losninger\/\"  itemprop=\"thumbnailUrl\" ><div class='av-inner-masonry-sizer'><\/div><figure class='av-inner-masonry main_color'><div class=\"av-masonry-outerimage-container\"><div class='av-masonry-image-container' style=\"background-image: url(https:\/\/compoman.ee\/wp-content\/uploads\/2014\/04\/5_Wet-waste-solutions.jpg);\"  title=\"L\u00f8sninger til v\u00e5dt affald\" ><\/div><\/div><figcaption class='av-inner-masonry-content site-background'><div class='av-inner-masonry-content-pos'><div class='av-inner-masonry-content-pos-content'><div class='avia-arrow'><\/div><h3 class='av-masonry-entry-title entry-title '  itemprop=\"headline\" >L\u00f8sninger til v\u00e5dt affald<\/h3><\/div><\/div><\/figcaption><\/figure><\/a><!--end av-masonry entry--><a href=\"https:\/\/compoman.ee\/da\/stationaere-kompaktorer\/\"  aria-label=\"image Station\u00e6re kompaktorer\"  id='av-masonry-1-item-12744' data-av-masonry-item='12744' class='av-masonry-entry isotope-item post-12744 attachment type-attachment status-inherit hentry  av-masonry-item-with-image av-grid-img' title=\"Station\u00e6re kompaktorer\" alt=\"Station\u00e6re kompaktorer\"  data-av-masonry-custom-link=\"https:\/\/compoman.ee\/da\/stationaere-kompaktorer\/\"  itemprop=\"thumbnailUrl\" ><div class='av-inner-masonry-sizer'><\/div><figure class='av-inner-masonry main_color'><div class=\"av-masonry-outerimage-container\"><div class='av-masonry-image-container' style=\"background-image: url(https:\/\/compoman.ee\/wp-content\/uploads\/2014\/04\/6_Static-compactors.jpg);\"  title=\"Station\u00e6re kompaktorer\" ><\/div><\/div><figcaption class='av-inner-masonry-content site-background'><div class='av-inner-masonry-content-pos'><div class='av-inner-masonry-content-pos-content'><div class='avia-arrow'><\/div><h3 class='av-masonry-entry-title entry-title '  itemprop=\"headline\" >Station\u00e6re kompaktorer<\/h3><\/div><\/div><\/figcaption><\/figure><\/a><!--end av-masonry entry--><a href=\"https:\/\/compoman.ee\/da\/tvaerkorende-kompaktorer\/\"  aria-label=\"image T\u00f8mmekompaktorer\"  id='av-masonry-1-item-12747' data-av-masonry-item='12747' class='av-masonry-entry isotope-item post-12747 attachment type-attachment status-inherit hentry  av-masonry-item-with-image av-grid-img' title=\"T\u00f8mmekompaktorer\" alt=\"T\u00f8mmekompaktorer\"  data-av-masonry-custom-link=\"https:\/\/compoman.ee\/da\/tvaerkorende-kompaktorer\/\"  itemprop=\"thumbnailUrl\" ><div class='av-inner-masonry-sizer'><\/div><figure class='av-inner-masonry main_color'><div class=\"av-masonry-outerimage-container\"><div class='av-masonry-image-container' style=\"background-image: url(https:\/\/compoman.ee\/wp-content\/uploads\/2014\/04\/7_Traversing-compactors.jpg);\"  title=\"T\u00f8mmekompaktorer\" ><\/div><\/div><figcaption class='av-inner-masonry-content site-background'><div class='av-inner-masonry-content-pos'><div class='av-inner-masonry-content-pos-content'><div class='avia-arrow'><\/div><h3 class='av-masonry-entry-title entry-title '  itemprop=\"headline\" >T\u00f8mmekompaktorer<\/h3><\/div><\/div><\/figcaption><\/figure><\/a><!--end av-masonry entry--><a href=\"https:\/\/compoman.ee\/da\/affaldsbottelifte\/\"  aria-label=\"image L\u00f8ftesystemer til affaldsb\u00f8tter\"  id='av-masonry-1-item-12748' data-av-masonry-item='12748' class='av-masonry-entry isotope-item post-12748 attachment type-attachment status-inherit hentry  av-masonry-item-with-image av-grid-img' title=\"L\u00f8ftesystemer til affaldsb\u00f8tter\" alt=\"L\u00f8ftesystemer til affaldsb\u00f8tter\"  data-av-masonry-custom-link=\"https:\/\/compoman.ee\/da\/affaldsbottelifte\/\"  itemprop=\"thumbnailUrl\" ><div class='av-inner-masonry-sizer'><\/div><figure class='av-inner-masonry main_color'><div class=\"av-masonry-outerimage-container\"><div class='av-masonry-image-container' style=\"background-image: url(https:\/\/compoman.ee\/wp-content\/uploads\/2014\/04\/9_Bin-lifters.jpg);\"  title=\"L\u00f8ftesystemer til affaldsb\u00f8tter\" ><\/div><\/div><figcaption class='av-inner-masonry-content site-background'><div class='av-inner-masonry-content-pos'><div class='av-inner-masonry-content-pos-content'><div class='avia-arrow'><\/div><h3 class='av-masonry-entry-title entry-title '  itemprop=\"headline\" >L\u00f8ftesystemer til affaldsb\u00f8tter<\/h3><\/div><\/div><\/figcaption><\/figure><\/a><!--end av-masonry entry--><a href=\"https:\/\/compoman.ee\/da\/shreddermaskiner\/\"  aria-label=\"image Shreddermaskiner\"  id='av-masonry-1-item-12749' data-av-masonry-item='12749' class='av-masonry-entry isotope-item post-12749 attachment type-attachment status-inherit hentry  av-masonry-item-with-image av-grid-img' title=\"Shreddermaskiner\" alt=\"Shreddermaskiner\"  data-av-masonry-custom-link=\"https:\/\/compoman.ee\/da\/shreddermaskiner\/\"  itemprop=\"thumbnailUrl\" ><div class='av-inner-masonry-sizer'><\/div><figure class='av-inner-masonry main_color'><div class=\"av-masonry-outerimage-container\"><div class='av-masonry-image-container' style=\"background-image: url(https:\/\/compoman.ee\/wp-content\/uploads\/2014\/04\/10_Shredders.jpg);\"  title=\"Shreddermaskiner\" ><\/div><\/div><figcaption class='av-inner-masonry-content site-background'><div class='av-inner-masonry-content-pos'><div class='av-inner-masonry-content-pos-content'><div class='avia-arrow'><\/div><h3 class='av-masonry-entry-title entry-title '  itemprop=\"headline\" >Shreddermaskiner<\/h3><\/div><\/div><\/figcaption><\/figure><\/a><!--end av-masonry entry--><a href=\"https:\/\/compoman.ee\/da\/nedgravede-affaldscontainere\/\"  aria-label=\"image Nedgravede affaldscontainere\"  id='av-masonry-1-item-12751' data-av-masonry-item='12751' class='av-masonry-entry isotope-item post-12751 attachment type-attachment status-inherit hentry  av-masonry-item-with-image av-grid-img' title=\"Nedgravede affaldscontainere\" alt=\"Nedgravede affaldscontainere\"  data-av-masonry-custom-link=\"https:\/\/compoman.ee\/da\/nedgravede-affaldscontainere\/\"  itemprop=\"thumbnailUrl\" ><div class='av-inner-masonry-sizer'><\/div><figure class='av-inner-masonry main_color'><div class=\"av-masonry-outerimage-container\"><div class='av-masonry-image-container' style=\"background-image: url(https:\/\/compoman.ee\/wp-content\/uploads\/2014\/04\/11_Deep-collection-containers.jpg);\"  title=\"Nedgravede affaldscontainere\" ><\/div><\/div><figcaption class='av-inner-masonry-content site-background'><div class='av-inner-masonry-content-pos'><div class='av-inner-masonry-content-pos-content'><div class='avia-arrow'><\/div><h3 class='av-masonry-entry-title entry-title '  itemprop=\"headline\" >Nedgravede affaldscontainere<\/h3><\/div><\/div><\/figcaption><\/figure><\/a><!--end av-masonry entry--><a href=\"https:\/\/compoman.ee\/da\/ballepresser\/\"  aria-label=\"image Ballepresser\"  id='av-masonry-1-item-12750' data-av-masonry-item='12750' class='av-masonry-entry isotope-item post-12750 attachment type-attachment status-inherit hentry  av-masonry-item-with-image av-grid-img' title=\"Ballepresser\" alt=\"Ballepresser\"  data-av-masonry-custom-link=\"https:\/\/compoman.ee\/da\/ballepresser\/\"  itemprop=\"thumbnailUrl\" ><div class='av-inner-masonry-sizer'><\/div><figure class='av-inner-masonry main_color'><div class=\"av-masonry-outerimage-container\"><div class='av-masonry-image-container' style=\"background-image: url(https:\/\/compoman.ee\/wp-content\/uploads\/2014\/04\/12_Balers.jpg);\"  title=\"Ballepresser\" ><\/div><\/div><figcaption class='av-inner-masonry-content site-background'><div class='av-inner-masonry-content-pos'><div class='av-inner-masonry-content-pos-content'><div class='avia-arrow'><\/div><h3 class='av-masonry-entry-title entry-title '  itemprop=\"headline\" >Ballepresser<\/h3><\/div><\/div><\/figcaption><\/figure><\/a><!--end av-masonry entry--><a href=\"https:\/\/compoman.ee\/da\/selvkorende-kompaktorer\/\"  aria-label=\"image Selvk\u00f8rende kompaktorer\"  id='av-masonry-1-item-12746' data-av-masonry-item='12746' class='av-masonry-entry isotope-item post-12746 attachment type-attachment status-inherit hentry  av-masonry-item-with-image av-grid-img' title=\"Selvk\u00f8rende kompaktorer\" alt=\"Selvk\u00f8rende kompaktorer\"  data-av-masonry-custom-link=\"https:\/\/compoman.ee\/da\/selvkorende-kompaktorer\/\"  itemprop=\"thumbnailUrl\" ><div class='av-inner-masonry-sizer'><\/div><figure class='av-inner-masonry main_color'><div class=\"av-masonry-outerimage-container\"><div class='av-masonry-image-container' style=\"background-image: url(https:\/\/compoman.ee\/wp-content\/uploads\/2014\/04\/8_Special-works.jpg);\"  title=\"Selvk\u00f8rende kompaktorer\" ><\/div><\/div><figcaption class='av-inner-masonry-content site-background'><div class='av-inner-masonry-content-pos'><div class='av-inner-masonry-content-pos-content'><div class='avia-arrow'><\/div><h3 class='av-masonry-entry-title entry-title '  itemprop=\"headline\" >Selvk\u00f8rende kompaktorer<\/h3><\/div><\/div><\/figcaption><\/figure><\/a><!--end av-masonry entry--><\/div><\/div><\/p><\/div>\n<style type=\"text\/css\" data-created_by=\"avia_inline_auto\" id=\"style-css-av-2z0c1-8c135bbd6908a12c5f49ed629221dd4c\">\n.flex_column.av-2z0c1-8c135bbd6908a12c5f49ed629221dd4c{\nborder-radius:0px 0px 0px 0px;\npadding:0px 0px 0px 0px;\n}\n<\/style>\n<div  class='flex_column av-2z0c1-8c135bbd6908a12c5f49ed629221dd4c av_one_third  avia-builder-el-4  el_after_av_two_third  avia-builder-el-last  flex_column_div av-zero-column-padding  '     ><p><div  class='avia-builder-widget-area clearfix  avia-builder-el-5  el_before_av_sidebar  avia-builder-el-first '><div id=\"custom_html-2\" class=\"widget_text widget clearfix widget_custom_html\"><h3 class=\"widgettitle\">COMPOMAN O\u00dc<\/h3><div class=\"textwidget custom-html-widget\"><p>M\u00e4ealuse 6B<br>\r\n12618 Tallinn<br>\r\nEstonia<br>\r\n<strong>tel:<\/strong> +372 670 2401<br>\r\n<strong>email:<\/strong>info[@]compoman.ee<\/p><\/div><\/div><\/div><br \/>\n<br \/>\n\n<style type=\"text\/css\" data-created_by=\"avia_inline_auto\" id=\"style-css-av-2uuos1-7f014a0e4c056c4cf7eb87301ab1f161\">\n.avia-image-container.av-2uuos1-7f014a0e4c056c4cf7eb87301ab1f161 img.avia_image{\nbox-shadow:none;\n}\n.avia-image-container.av-2uuos1-7f014a0e4c056c4cf7eb87301ab1f161 .av-image-caption-overlay-center{\ncolor:#ffffff;\n}\n<\/style>\n<div  class='avia-image-container av-2uuos1-7f014a0e4c056c4cf7eb87301ab1f161 av-styling- avia-align-center  avia-builder-el-7  el_after_av_sidebar  avia-builder-el-last '   itemprop=\"image\" itemscope=\"itemscope\" itemtype=\"https:\/\/schema.org\/ImageObject\" ><div class=\"avia-image-container-inner\"><div class=\"avia-image-overlay-wrap\"><img decoding=\"async\" fetchpriority=\"high\" class='wp-image-13922 avia-img-lazy-loading-not-13922 avia_image ' src=\"https:\/\/compoman.ee\/wp-content\/uploads\/2014\/03\/E-MAIL-SIGNATURE-EEET2018_AAA-300x86.png\" alt='' title='E-MAIL SIGNATURE EEET2018_AAA'  height=\"86\" width=\"300\"  itemprop=\"thumbnailUrl\" srcset=\"https:\/\/compoman.ee\/wp-content\/uploads\/2014\/03\/E-MAIL-SIGNATURE-EEET2018_AAA-300x86.png 300w, https:\/\/compoman.ee\/wp-content\/uploads\/2014\/03\/E-MAIL-SIGNATURE-EEET2018_AAA-450x129.png 450w, https:\/\/compoman.ee\/wp-content\/uploads\/2014\/03\/E-MAIL-SIGNATURE-EEET2018_AAA.png 600w\" sizes=\"(max-width: 300px) 100vw, 300px\" \/><\/div><\/div><\/div><\/p><\/div><\/p>\n","protected":false},"excerpt":{"rendered":"","protected":false},"author":1,"featured_media":0,"parent":0,"menu_order":0,"comment_status":"open","ping_status":"open","template":"","meta":{"footnotes":""},"class_list":["post-2625","page","type-page","status-publish","hentry"],"yoast_head":"<!-- This site is optimized with the Yoast SEO plugin v26.6 - https:\/\/yoast.com\/wordpress\/plugins\/seo\/ -->\n<title>Maskiner til affaldsh\u00e5ndtering - Compoman O\u00dc<\/title>\n<meta name=\"description\" content=\"Vi tilbyder et stort udvalg af maskiner til affaldsh\u00e5ndtering. Alle produkter i vores udvalg kan nemt tilpasses til den enkelte slutbrugers behov.\" \/>\n<meta name=\"robots\" content=\"index, follow, max-snippet:-1, max-image-preview:large, max-video-preview:-1\" \/>\n<link rel=\"canonical\" href=\"https:\/\/compoman.ee\/da\/\" \/>\n<meta property=\"og:locale\" content=\"da_DK\" \/>\n<meta property=\"og:type\" content=\"article\" \/>\n<meta property=\"og:title\" content=\"Maskiner til affaldsh\u00e5ndtering - Compoman O\u00dc\" \/>\n<meta property=\"og:description\" content=\"Vi tilbyder et stort udvalg af maskiner til affaldsh\u00e5ndtering. Alle produkter i vores udvalg kan nemt tilpasses til den enkelte slutbrugers behov.\" \/>\n<meta property=\"og:url\" content=\"https:\/\/compoman.ee\/da\/\" \/>\n<meta property=\"og:site_name\" content=\"Waste Disposal Machinery\" \/>\n<meta property=\"article:modified_time\" content=\"2025-10-29T11:58:05+00:00\" \/>\n<meta name=\"twitter:label1\" content=\"Estimeret l\u00e6setid\" \/>\n\t<meta name=\"twitter:data1\" content=\"3 minutter\" \/>\n<script type=\"application\/ld+json\" class=\"yoast-schema-graph\">{\"@context\":\"https:\/\/schema.org\",\"@graph\":[{\"@type\":\"WebPage\",\"@id\":\"https:\/\/compoman.ee\/da\/\",\"url\":\"https:\/\/compoman.ee\/da\/\",\"name\":\"Maskiner til affaldsh\u00e5ndtering - Compoman O\u00dc\",\"isPartOf\":{\"@id\":\"https:\/\/compoman.ee\/#website\"},\"datePublished\":\"2014-03-19T21:49:55+00:00\",\"dateModified\":\"2025-10-29T11:58:05+00:00\",\"description\":\"Vi tilbyder et stort udvalg af maskiner til affaldsh\u00e5ndtering. Alle produkter i vores udvalg kan nemt tilpasses til den enkelte slutbrugers behov.\",\"breadcrumb\":{\"@id\":\"https:\/\/compoman.ee\/da\/#breadcrumb\"},\"inLanguage\":\"da-DK\",\"potentialAction\":[{\"@type\":\"ReadAction\",\"target\":[\"https:\/\/compoman.ee\/da\/\"]}]},{\"@type\":\"BreadcrumbList\",\"@id\":\"https:\/\/compoman.ee\/da\/#breadcrumb\",\"itemListElement\":[{\"@type\":\"ListItem\",\"position\":1,\"name\":\"Home\",\"item\":\"https:\/\/compoman.ee\/da\/\"},{\"@type\":\"ListItem\",\"position\":2,\"name\":\"Home\"}]},{\"@type\":\"WebSite\",\"@id\":\"https:\/\/compoman.ee\/#website\",\"url\":\"https:\/\/compoman.ee\/\",\"name\":\"Waste Disposal Machinery\",\"description\":\"Compoman Ltd\",\"publisher\":{\"@id\":\"https:\/\/compoman.ee\/#organization\"},\"potentialAction\":[{\"@type\":\"SearchAction\",\"target\":{\"@type\":\"EntryPoint\",\"urlTemplate\":\"https:\/\/compoman.ee\/?s={search_term_string}\"},\"query-input\":{\"@type\":\"PropertyValueSpecification\",\"valueRequired\":true,\"valueName\":\"search_term_string\"}}],\"inLanguage\":\"da-DK\"},{\"@type\":\"Organization\",\"@id\":\"https:\/\/compoman.ee\/#organization\",\"name\":\"Waste Disposal Machinery\",\"url\":\"https:\/\/compoman.ee\/\",\"logo\":{\"@type\":\"ImageObject\",\"inLanguage\":\"da-DK\",\"@id\":\"https:\/\/compoman.ee\/#\/schema\/logo\/image\/\",\"url\":\"https:\/\/compoman.ee\/wp-content\/uploads\/2014\/03\/compoman-logo-final.png\",\"contentUrl\":\"https:\/\/compoman.ee\/wp-content\/uploads\/2014\/03\/compoman-logo-final.png\",\"width\":325,\"height\":68,\"caption\":\"Waste Disposal Machinery\"},\"image\":{\"@id\":\"https:\/\/compoman.ee\/#\/schema\/logo\/image\/\"}}]}<\/script>\n<!-- \/ Yoast SEO plugin. -->","yoast_head_json":{"title":"Maskiner til affaldsh\u00e5ndtering - Compoman O\u00dc","description":"Vi tilbyder et stort udvalg af maskiner til affaldsh\u00e5ndtering. Alle produkter i vores udvalg kan nemt tilpasses til den enkelte slutbrugers behov.","robots":{"index":"index","follow":"follow","max-snippet":"max-snippet:-1","max-image-preview":"max-image-preview:large","max-video-preview":"max-video-preview:-1"},"canonical":"https:\/\/compoman.ee\/da\/","og_locale":"da_DK","og_type":"article","og_title":"Maskiner til affaldsh\u00e5ndtering - Compoman O\u00dc","og_description":"Vi tilbyder et stort udvalg af maskiner til affaldsh\u00e5ndtering. Alle produkter i vores udvalg kan nemt tilpasses til den enkelte slutbrugers behov.","og_url":"https:\/\/compoman.ee\/da\/","og_site_name":"Waste Disposal Machinery","article_modified_time":"2025-10-29T11:58:05+00:00","twitter_misc":{"Estimeret l\u00e6setid":"3 minutter"},"schema":{"@context":"https:\/\/schema.org","@graph":[{"@type":"WebPage","@id":"https:\/\/compoman.ee\/da\/","url":"https:\/\/compoman.ee\/da\/","name":"Maskiner til affaldsh\u00e5ndtering - Compoman O\u00dc","isPartOf":{"@id":"https:\/\/compoman.ee\/#website"},"datePublished":"2014-03-19T21:49:55+00:00","dateModified":"2025-10-29T11:58:05+00:00","description":"Vi tilbyder et stort udvalg af maskiner til affaldsh\u00e5ndtering. Alle produkter i vores udvalg kan nemt tilpasses til den enkelte slutbrugers behov.","breadcrumb":{"@id":"https:\/\/compoman.ee\/da\/#breadcrumb"},"inLanguage":"da-DK","potentialAction":[{"@type":"ReadAction","target":["https:\/\/compoman.ee\/da\/"]}]},{"@type":"BreadcrumbList","@id":"https:\/\/compoman.ee\/da\/#breadcrumb","itemListElement":[{"@type":"ListItem","position":1,"name":"Home","item":"https:\/\/compoman.ee\/da\/"},{"@type":"ListItem","position":2,"name":"Home"}]},{"@type":"WebSite","@id":"https:\/\/compoman.ee\/#website","url":"https:\/\/compoman.ee\/","name":"Waste Disposal Machinery","description":"Compoman Ltd","publisher":{"@id":"https:\/\/compoman.ee\/#organization"},"potentialAction":[{"@type":"SearchAction","target":{"@type":"EntryPoint","urlTemplate":"https:\/\/compoman.ee\/?s={search_term_string}"},"query-input":{"@type":"PropertyValueSpecification","valueRequired":true,"valueName":"search_term_string"}}],"inLanguage":"da-DK"},{"@type":"Organization","@id":"https:\/\/compoman.ee\/#organization","name":"Waste Disposal Machinery","url":"https:\/\/compoman.ee\/","logo":{"@type":"ImageObject","inLanguage":"da-DK","@id":"https:\/\/compoman.ee\/#\/schema\/logo\/image\/","url":"https:\/\/compoman.ee\/wp-content\/uploads\/2014\/03\/compoman-logo-final.png","contentUrl":"https:\/\/compoman.ee\/wp-content\/uploads\/2014\/03\/compoman-logo-final.png","width":325,"height":68,"caption":"Waste Disposal Machinery"},"image":{"@id":"https:\/\/compoman.ee\/#\/schema\/logo\/image\/"}}]}},"_links":{"self":[{"href":"https:\/\/compoman.ee\/da\/wp-json\/wp\/v2\/pages\/2625","targetHints":{"allow":["GET"]}}],"collection":[{"href":"https:\/\/compoman.ee\/da\/wp-json\/wp\/v2\/pages"}],"about":[{"href":"https:\/\/compoman.ee\/da\/wp-json\/wp\/v2\/types\/page"}],"author":[{"embeddable":true,"href":"https:\/\/compoman.ee\/da\/wp-json\/wp\/v2\/users\/1"}],"replies":[{"embeddable":true,"href":"https:\/\/compoman.ee\/da\/wp-json\/wp\/v2\/comments?post=2625"}],"version-history":[{"count":31,"href":"https:\/\/compoman.ee\/da\/wp-json\/wp\/v2\/pages\/2625\/revisions"}],"predecessor-version":[{"id":14171,"href":"https:\/\/compoman.ee\/da\/wp-json\/wp\/v2\/pages\/2625\/revisions\/14171"}],"wp:attachment":[{"href":"https:\/\/compoman.ee\/da\/wp-json\/wp\/v2\/media?parent=2625"}],"curies":[{"name":"wp","href":"https:\/\/api.w.org\/{rel}","templated":true}]}}