{"id":2253,"date":"2014-03-17T00:46:48","date_gmt":"2014-03-16T22:46:48","guid":{"rendered":"http:\/\/compoman.com\/about-us-2\/"},"modified":"2021-06-18T01:45:28","modified_gmt":"2021-06-17T23:45:28","slug":"om-os","status":"publish","type":"page","link":"https:\/\/compoman.ee\/da\/om-os\/","title":{"rendered":"Om os"},"content":{"rendered":"<div  class='flex_column av-av_two_third-2a9015ff38129c418a3f2eafba3e9512 av_two_third  avia-builder-el-0  el_before_av_one_third  avia-builder-el-first  first flex_column_div  '     ><p><section  class='av_textblock_section av-av_textblock-0366cc7376be6c9e82a3e9cc8987b64f '   itemscope=\"itemscope\" itemtype=\"https:\/\/schema.org\/CreativeWork\" ><div class='avia_textblock'  itemprop=\"text\" ><p>Compoman er en rentabel estisk familievirksomhed, som drives af \u00e9n af ejerne. Firmaet blev grundlagt i 1993 som et estisk firma med estiske ejere, og startede som en virksomhed specialiseret i reparation af marine containere. I 1995 blev aktiviteterne \u00e6ndret til produktion af udstyr til affaldsh\u00e5ndtering. Firmaets navn \u2013 Compoman O\u00dc \u2013 har v\u00e6ret i brug siden 1998.<\/p>\n<h2>Specialprodukter er vores passion<\/h2>\n<p>Alle produkter, som forlader fabrikken, er tilpasset den enkelte partners specifikke behov.<\/p>\n<p>I l\u00f8bet af \u00e5rene har vi realiseret mange specielt udviklede produkter og fundet optimale l\u00f8sninger til steder, som stillede store krav p\u00e5 grund af den type affald, som skulle h\u00e5ndteres. Vi designer selv alle vores produkter med 3D-teknologi, og vi tilbyder vores egne tekniske l\u00f8sninger.<\/p>\n<p>Compoman har en innovativ forretningsmodel med partnerdrevet produktudvikling og produktion. I samarbejde med partnerne har Compoman skabt fleksible l\u00f8sninger, som har f\u00f8rt til variationer og skr\u00e6ddersyede l\u00f8sninger inden for produktfamilien. Hele produktsortimentet er udviklet lokalt i Estland af Compoman&#8217;s egne ingeni\u00f8rer. Produkterne er mere komplicerede og med h\u00f8jere ydeevne end gennemsnittet i deres klasse, produktudvikling finder l\u00f8bende sted.<\/p>\n<h2>Vores team og ledelse<\/h2>\n<p>Familien, som ejer Compoman, driver firmaet i n\u00e6rt samarbejde med medarbejderne, for p\u00e5 den m\u00e5de at sikre firmaets succes. Compoman har en flad ledelsesstruktur for at sikre firmaets b\u00e6redygtighed. Medarbejderne, som er besk\u00e6ftiget med udvikling og teknologi, har alle mange \u00e5rs erfaring inden for omr\u00e5det og er h\u00f8jt kvalificerede med MBA-titler og ingeni\u00f8rer med doktorgrader. Vores multinationale produktionsteam best\u00e5r af innovative og kreative medarbejdere, som alle er st\u00e6rkt motiverede.<\/p>\n<\/div><\/section><br \/>\n\n<style type=\"text\/css\" data-created_by=\"avia_inline_auto\" id=\"style-css-av-av_hr-6e46f799f8e1caefd8e0565183a672cf\">\n#top .hr.hr-invisible.av-av_hr-6e46f799f8e1caefd8e0565183a672cf{\nheight:10px;\n}\n<\/style>\n<div  class='hr av-av_hr-6e46f799f8e1caefd8e0565183a672cf hr-invisible  avia-builder-el-2  el_after_av_textblock  el_before_av_textblock '><span class='hr-inner '><span class=\"hr-inner-style\"><\/span><\/span><\/div><br \/>\n<section  class='av_textblock_section av-av_textblock-0366cc7376be6c9e82a3e9cc8987b64f '   itemscope=\"itemscope\" itemtype=\"https:\/\/schema.org\/CreativeWork\" ><div class='avia_textblock'  itemprop=\"text\" ><h2>Vores eksportresultater<\/h2>\n<p>Compoman O\u00dc er en af de tre st\u00f8rste producenter af affaldsh\u00e5ndteringsmaskiner i Skandinavien. Compoman har tilstr\u00e6kkelig stor erfaring i innovation, projektering, ledelse og produktion til at v\u00e6re et succesfuldt eksportfirma. Compoman har i \u00e5renes l\u00f8b eksporteret fra 64,5 % til 83,7% af den samlede produktion. Og det geografiske omr\u00e5de, som vi eksporterer til, er i stadig v\u00e6kst. I dag g\u00e5r st\u00f8rstedelen af eksporten til nabolande som Finland, Sverige, Letland og Rusland, men ogs\u00e5 til Storbritannien, Litauen og Norge.<\/p>\n<\/div><\/section><br \/>\n\n<style type=\"text\/css\" data-created_by=\"avia_inline_auto\" id=\"style-css-av-av_image-32b6d6e546e0faab0a9c8fb55dd46720\">\n.avia-image-container.av-av_image-32b6d6e546e0faab0a9c8fb55dd46720 img.avia_image{\nbox-shadow:none;\n}\n.avia-image-container.av-av_image-32b6d6e546e0faab0a9c8fb55dd46720 .av-image-caption-overlay-center{\ncolor:#ffffff;\n}\n<\/style>\n<div  class='avia-image-container av-av_image-32b6d6e546e0faab0a9c8fb55dd46720 av-styling- avia-align-center  avia-builder-el-4  el_after_av_textblock  avia-builder-el-last '   itemprop=\"image\" itemscope=\"itemscope\" itemtype=\"https:\/\/schema.org\/ImageObject\" ><div class=\"avia-image-container-inner\"><div class=\"avia-image-overlay-wrap\"><img decoding=\"async\" fetchpriority=\"high\" class='wp-image-13256 avia-img-lazy-loading-not-13256 avia_image ' src=\"http:\/\/consult.ee\/compoman\/wp-content\/uploads\/2014\/04\/tehas3-300x225.jpg\" alt='' title='DSC_0444_2'   itemprop=\"thumbnailUrl\"  \/><\/div><\/div><\/div><\/p><\/div>\n\n<style type=\"text\/css\" data-created_by=\"avia_inline_auto\" id=\"style-css-av-av_one_third-7984035d50f0055e2d8c0f71fa3ebd04\">\n.flex_column.av-av_one_third-7984035d50f0055e2d8c0f71fa3ebd04{\nborder-radius:0px 0px 0px 0px;\npadding:0px 0px 0px 0px;\n}\n<\/style>\n<div  class='flex_column av-av_one_third-7984035d50f0055e2d8c0f71fa3ebd04 av_one_third  avia-builder-el-5  el_after_av_two_third  el_before_av_image  flex_column_div av-zero-column-padding  '     ><p>\n<style type=\"text\/css\" data-created_by=\"avia_inline_auto\" id=\"style-css-av-av_image-2fc8b528faca7aeaea865a7c05c37eec\">\n.avia-image-container.av-av_image-2fc8b528faca7aeaea865a7c05c37eec img.avia_image{\nbox-shadow:none;\n}\n.avia-image-container.av-av_image-2fc8b528faca7aeaea865a7c05c37eec .av-image-caption-overlay-center{\ncolor:#ffffff;\n}\n<\/style>\n<div  class='avia-image-container av-av_image-2fc8b528faca7aeaea865a7c05c37eec av-styling- avia-align-center  avia-builder-el-6  el_before_av_progress  avia-builder-el-first '   itemprop=\"image\" itemscope=\"itemscope\" itemtype=\"https:\/\/schema.org\/ImageObject\" ><div class=\"avia-image-container-inner\"><div class=\"avia-image-overlay-wrap\"><img decoding=\"async\" width=\"223\" height=\"300\" fetchpriority=\"high\" class='wp-image-12980 avia-img-lazy-loading-not-12980 avia_image ' src=\"http:\/\/compoman.ee\/wp-content\/uploads\/2014\/04\/Marinka1-223x300.jpg\" alt='' title='Marinka1'   itemprop=\"thumbnailUrl\" srcset=\"https:\/\/compoman.ee\/wp-content\/uploads\/2014\/04\/Marinka1-223x300.jpg 223w, https:\/\/compoman.ee\/wp-content\/uploads\/2014\/04\/Marinka1-766x1030.jpg 766w, https:\/\/compoman.ee\/wp-content\/uploads\/2014\/04\/Marinka1-1115x1500.jpg 1115w, https:\/\/compoman.ee\/wp-content\/uploads\/2014\/04\/Marinka1-524x705.jpg 524w, https:\/\/compoman.ee\/wp-content\/uploads\/2014\/04\/Marinka1-450x605.jpg 450w, https:\/\/compoman.ee\/wp-content\/uploads\/2014\/04\/Marinka1.jpg 1190w\" sizes=\"(max-width: 223px) 100vw, 223px\" \/><\/div><\/div><\/div><br \/>\n\n<style type=\"text\/css\" data-created_by=\"avia_inline_auto\" id=\"style-css-sub-av-av_progress-ed797432914b3bc4bbf5829dabfe5a58\">\n#top .avia-progress-bar-container .avia-progress-bar.av-av_progress_bar-180c1526f9a4eef0ab2e6f222ca2b6fc .bar{\nwidth:100%;\n}\n#top .avia-progress-bar-container .avia-progress-bar.av-av_progress_bar-c16b4c2294d5ba91031c2284c30eb3f5 .bar{\nwidth:100%;\n}\n#top .avia-progress-bar-container .avia-progress-bar.av-av_progress_bar-6ff130478fc66df0371bc9223244ade4 .bar{\nwidth:100%;\n}\n#top .avia-progress-bar-container .avia-progress-bar.av-av_progress_bar-29763e5385f6a443fb428d555d0dcdf8 .bar{\nwidth:100%;\n}\n#top .avia-progress-bar-container .avia-progress-bar.av-av_progress_bar-2f49d85c28e57af4bae76ff37ee18d52 .bar{\nwidth:100%;\n}\n#top .avia-progress-bar-container .avia-progress-bar.av-av_progress_bar-2bf1dce855a4b828747be6f3719f6459 .bar{\nwidth:100%;\n}\n<\/style>\n<div  class='avia-progress-bar-container av-av_progress-ed797432914b3bc4bbf5829dabfe5a58 av-striped-bar av-animated-bar avia_animate_when_almost_visible  avia-builder-el-7  el_after_av_image  avia-builder-el-last '><div class='avia-progress-bar av-av_progress_bar-180c1526f9a4eef0ab2e6f222ca2b6fc icon-bar-yes theme-color-bar theme-color-bar icon-bar-yes'><div class=\"progressbar-title-wrap\"><div class=\"progressbar-icon\"><span class='progressbar-char avia-iconfont avia-font-entypo-fontello' data-av_icon='\ue854' data-av_iconfont='entypo-fontello' ><\/span><\/div><div class='progressbar-title'>Nem kommunikation<\/div><\/div><div class=\"progress\"><div class=\"bar-outer\"><div class='bar' data-progress='100'><\/div><\/div><\/div><\/div><div class='avia-progress-bar av-av_progress_bar-c16b4c2294d5ba91031c2284c30eb3f5 icon-bar-yes theme-color-bar theme-color-bar icon-bar-yes'><div class=\"progressbar-title-wrap\"><div class=\"progressbar-icon\"><span class='progressbar-char avia-iconfont avia-font-entypo-fontello' data-av_icon='\ue862' data-av_iconfont='entypo-fontello' ><\/span><\/div><div class='progressbar-title'>Hurtige leveringstider<\/div><\/div><div class=\"progress\"><div class=\"bar-outer\"><div class='bar' data-progress='100'><\/div><\/div><\/div><\/div><div class='avia-progress-bar av-av_progress_bar-6ff130478fc66df0371bc9223244ade4 icon-bar-yes theme-color-bar theme-color-bar icon-bar-yes'><div class=\"progressbar-title-wrap\"><div class=\"progressbar-icon\"><span class='progressbar-char avia-iconfont avia-font-entypo-fontello' data-av_icon='\ue864' data-av_iconfont='entypo-fontello' ><\/span><\/div><div class='progressbar-title'>Fleksible l\u00f8sninger<\/div><\/div><div class=\"progress\"><div class=\"bar-outer\"><div class='bar' data-progress='100'><\/div><\/div><\/div><\/div><div class='avia-progress-bar av-av_progress_bar-29763e5385f6a443fb428d555d0dcdf8 icon-bar-yes theme-color-bar theme-color-bar icon-bar-yes'><div class=\"progressbar-title-wrap\"><div class=\"progressbar-icon\"><span class='progressbar-char avia-iconfont avia-font-entypo-fontello' data-av_icon='\ue80c' data-av_iconfont='entypo-fontello' ><\/span><\/div><div class='progressbar-title'>Partnerfokusering<\/div><\/div><div class=\"progress\"><div class=\"bar-outer\"><div class='bar' data-progress='100'><\/div><\/div><\/div><\/div><div class='avia-progress-bar av-av_progress_bar-2f49d85c28e57af4bae76ff37ee18d52 icon-bar-yes theme-color-bar theme-color-bar icon-bar-yes'><div class=\"progressbar-title-wrap\"><div class=\"progressbar-icon\"><span class='progressbar-char avia-iconfont avia-font-entypo-fontello' data-av_icon='\ue856' data-av_iconfont='entypo-fontello' ><\/span><\/div><div class='progressbar-title'>Nem vedligeholdelse<\/div><\/div><div class=\"progress\"><div class=\"bar-outer\"><div class='bar' data-progress='100'><\/div><\/div><\/div><\/div><div class='avia-progress-bar av-av_progress_bar-2bf1dce855a4b828747be6f3719f6459 icon-bar-yes theme-color-bar theme-color-bar icon-bar-yes'><div class=\"progressbar-title-wrap\"><div class=\"progressbar-icon\"><span class='progressbar-char avia-iconfont avia-font-entypo-fontello' data-av_icon='\ue855' data-av_iconfont='entypo-fontello' ><\/span><\/div><div class='progressbar-title'>Produkter med lang levetid<\/div><\/div><div class=\"progress\"><div class=\"bar-outer\"><div class='bar' data-progress='100'><\/div><\/div><\/div><\/div><\/div><\/p><\/div>\n<style type=\"text\/css\" data-created_by=\"avia_inline_auto\" id=\"style-css-av-av_image-42ac6eeba1e7f420b248811fc75c67aa\">\n.avia-image-container.av-av_image-42ac6eeba1e7f420b248811fc75c67aa img.avia_image{\nbox-shadow:none;\n}\n.avia-image-container.av-av_image-42ac6eeba1e7f420b248811fc75c67aa .av-image-caption-overlay-center{\ncolor:#ffffff;\n}\n<\/style>\n<div  class='avia-image-container av-av_image-42ac6eeba1e7f420b248811fc75c67aa av-styling- avia-align-right  avia-builder-el-8  el_after_av_one_third  avia-builder-el-last '   itemprop=\"image\" itemscope=\"itemscope\" itemtype=\"https:\/\/schema.org\/ImageObject\" ><div class=\"avia-image-container-inner\"><div class=\"avia-image-overlay-wrap\"><img decoding=\"async\" fetchpriority=\"high\" class='wp-image-13922 avia-img-lazy-loading-not-13922 avia_image ' src=\"https:\/\/compoman.ee\/wp-content\/uploads\/2014\/03\/E-MAIL-SIGNATURE-EEET2018_AAA-300x86.png\" alt='' title='E-MAIL SIGNATURE EEET2018_AAA'  height=\"86\" width=\"300\"  itemprop=\"thumbnailUrl\" srcset=\"https:\/\/compoman.ee\/wp-content\/uploads\/2014\/03\/E-MAIL-SIGNATURE-EEET2018_AAA-300x86.png 300w, https:\/\/compoman.ee\/wp-content\/uploads\/2014\/03\/E-MAIL-SIGNATURE-EEET2018_AAA-450x129.png 450w, https:\/\/compoman.ee\/wp-content\/uploads\/2014\/03\/E-MAIL-SIGNATURE-EEET2018_AAA.png 600w\" sizes=\"(max-width: 300px) 100vw, 300px\" \/><\/div><\/div><\/div>\n","protected":false},"excerpt":{"rendered":"","protected":false},"author":1,"featured_media":0,"parent":0,"menu_order":0,"comment_status":"open","ping_status":"open","template":"","meta":{"footnotes":""},"class_list":["post-2253","page","type-page","status-publish","hentry"],"yoast_head":"<!-- This site is optimized with the Yoast SEO plugin v26.6 - https:\/\/yoast.com\/wordpress\/plugins\/seo\/ -->\n<title>Om os - Waste Disposal Machinery<\/title>\n<meta name=\"description\" content=\"Specialprodukter er vores passion. Alle produkter, som forlader fabrikken, er tilpasset den enkelte partners specifikke behov.\" \/>\n<meta name=\"robots\" content=\"index, follow, max-snippet:-1, max-image-preview:large, max-video-preview:-1\" \/>\n<link rel=\"canonical\" href=\"https:\/\/compoman.ee\/da\/om-os\/\" \/>\n<meta property=\"og:locale\" content=\"da_DK\" \/>\n<meta property=\"og:type\" content=\"article\" \/>\n<meta property=\"og:title\" content=\"Om os - Waste Disposal Machinery\" \/>\n<meta property=\"og:description\" content=\"Specialprodukter er vores passion. Alle produkter, som forlader fabrikken, er tilpasset den enkelte partners specifikke behov.\" \/>\n<meta property=\"og:url\" content=\"https:\/\/compoman.ee\/da\/om-os\/\" \/>\n<meta property=\"og:site_name\" content=\"Waste Disposal Machinery\" \/>\n<meta property=\"article:modified_time\" content=\"2021-06-17T23:45:28+00:00\" \/>\n<meta name=\"twitter:label1\" content=\"Estimeret l\u00e6setid\" \/>\n\t<meta name=\"twitter:data1\" content=\"4 minutter\" \/>\n<script type=\"application\/ld+json\" class=\"yoast-schema-graph\">{\"@context\":\"https:\/\/schema.org\",\"@graph\":[{\"@type\":\"WebPage\",\"@id\":\"https:\/\/compoman.ee\/da\/om-os\/\",\"url\":\"https:\/\/compoman.ee\/da\/om-os\/\",\"name\":\"Om os - Waste Disposal Machinery\",\"isPartOf\":{\"@id\":\"https:\/\/compoman.ee\/#website\"},\"datePublished\":\"2014-03-16T22:46:48+00:00\",\"dateModified\":\"2021-06-17T23:45:28+00:00\",\"description\":\"Specialprodukter er vores passion. Alle produkter, som forlader fabrikken, er tilpasset den enkelte partners specifikke behov.\",\"breadcrumb\":{\"@id\":\"https:\/\/compoman.ee\/da\/om-os\/#breadcrumb\"},\"inLanguage\":\"da-DK\",\"potentialAction\":[{\"@type\":\"ReadAction\",\"target\":[\"https:\/\/compoman.ee\/da\/om-os\/\"]}]},{\"@type\":\"BreadcrumbList\",\"@id\":\"https:\/\/compoman.ee\/da\/om-os\/#breadcrumb\",\"itemListElement\":[{\"@type\":\"ListItem\",\"position\":1,\"name\":\"Home\",\"item\":\"https:\/\/compoman.ee\/da\/\"},{\"@type\":\"ListItem\",\"position\":2,\"name\":\"Om os\"}]},{\"@type\":\"WebSite\",\"@id\":\"https:\/\/compoman.ee\/#website\",\"url\":\"https:\/\/compoman.ee\/\",\"name\":\"Waste Disposal Machinery\",\"description\":\"Compoman Ltd\",\"publisher\":{\"@id\":\"https:\/\/compoman.ee\/#organization\"},\"potentialAction\":[{\"@type\":\"SearchAction\",\"target\":{\"@type\":\"EntryPoint\",\"urlTemplate\":\"https:\/\/compoman.ee\/?s={search_term_string}\"},\"query-input\":{\"@type\":\"PropertyValueSpecification\",\"valueRequired\":true,\"valueName\":\"search_term_string\"}}],\"inLanguage\":\"da-DK\"},{\"@type\":\"Organization\",\"@id\":\"https:\/\/compoman.ee\/#organization\",\"name\":\"Waste Disposal Machinery\",\"url\":\"https:\/\/compoman.ee\/\",\"logo\":{\"@type\":\"ImageObject\",\"inLanguage\":\"da-DK\",\"@id\":\"https:\/\/compoman.ee\/#\/schema\/logo\/image\/\",\"url\":\"https:\/\/compoman.ee\/wp-content\/uploads\/2014\/03\/compoman-logo-final.png\",\"contentUrl\":\"https:\/\/compoman.ee\/wp-content\/uploads\/2014\/03\/compoman-logo-final.png\",\"width\":325,\"height\":68,\"caption\":\"Waste Disposal Machinery\"},\"image\":{\"@id\":\"https:\/\/compoman.ee\/#\/schema\/logo\/image\/\"}}]}<\/script>\n<!-- \/ Yoast SEO plugin. -->","yoast_head_json":{"title":"Om os - Waste Disposal Machinery","description":"Specialprodukter er vores passion. Alle produkter, som forlader fabrikken, er tilpasset den enkelte partners specifikke behov.","robots":{"index":"index","follow":"follow","max-snippet":"max-snippet:-1","max-image-preview":"max-image-preview:large","max-video-preview":"max-video-preview:-1"},"canonical":"https:\/\/compoman.ee\/da\/om-os\/","og_locale":"da_DK","og_type":"article","og_title":"Om os - Waste Disposal Machinery","og_description":"Specialprodukter er vores passion. Alle produkter, som forlader fabrikken, er tilpasset den enkelte partners specifikke behov.","og_url":"https:\/\/compoman.ee\/da\/om-os\/","og_site_name":"Waste Disposal Machinery","article_modified_time":"2021-06-17T23:45:28+00:00","twitter_misc":{"Estimeret l\u00e6setid":"4 minutter"},"schema":{"@context":"https:\/\/schema.org","@graph":[{"@type":"WebPage","@id":"https:\/\/compoman.ee\/da\/om-os\/","url":"https:\/\/compoman.ee\/da\/om-os\/","name":"Om os - Waste Disposal Machinery","isPartOf":{"@id":"https:\/\/compoman.ee\/#website"},"datePublished":"2014-03-16T22:46:48+00:00","dateModified":"2021-06-17T23:45:28+00:00","description":"Specialprodukter er vores passion. Alle produkter, som forlader fabrikken, er tilpasset den enkelte partners specifikke behov.","breadcrumb":{"@id":"https:\/\/compoman.ee\/da\/om-os\/#breadcrumb"},"inLanguage":"da-DK","potentialAction":[{"@type":"ReadAction","target":["https:\/\/compoman.ee\/da\/om-os\/"]}]},{"@type":"BreadcrumbList","@id":"https:\/\/compoman.ee\/da\/om-os\/#breadcrumb","itemListElement":[{"@type":"ListItem","position":1,"name":"Home","item":"https:\/\/compoman.ee\/da\/"},{"@type":"ListItem","position":2,"name":"Om os"}]},{"@type":"WebSite","@id":"https:\/\/compoman.ee\/#website","url":"https:\/\/compoman.ee\/","name":"Waste Disposal Machinery","description":"Compoman Ltd","publisher":{"@id":"https:\/\/compoman.ee\/#organization"},"potentialAction":[{"@type":"SearchAction","target":{"@type":"EntryPoint","urlTemplate":"https:\/\/compoman.ee\/?s={search_term_string}"},"query-input":{"@type":"PropertyValueSpecification","valueRequired":true,"valueName":"search_term_string"}}],"inLanguage":"da-DK"},{"@type":"Organization","@id":"https:\/\/compoman.ee\/#organization","name":"Waste Disposal Machinery","url":"https:\/\/compoman.ee\/","logo":{"@type":"ImageObject","inLanguage":"da-DK","@id":"https:\/\/compoman.ee\/#\/schema\/logo\/image\/","url":"https:\/\/compoman.ee\/wp-content\/uploads\/2014\/03\/compoman-logo-final.png","contentUrl":"https:\/\/compoman.ee\/wp-content\/uploads\/2014\/03\/compoman-logo-final.png","width":325,"height":68,"caption":"Waste Disposal Machinery"},"image":{"@id":"https:\/\/compoman.ee\/#\/schema\/logo\/image\/"}}]}},"_links":{"self":[{"href":"https:\/\/compoman.ee\/da\/wp-json\/wp\/v2\/pages\/2253","targetHints":{"allow":["GET"]}}],"collection":[{"href":"https:\/\/compoman.ee\/da\/wp-json\/wp\/v2\/pages"}],"about":[{"href":"https:\/\/compoman.ee\/da\/wp-json\/wp\/v2\/types\/page"}],"author":[{"embeddable":true,"href":"https:\/\/compoman.ee\/da\/wp-json\/wp\/v2\/users\/1"}],"replies":[{"embeddable":true,"href":"https:\/\/compoman.ee\/da\/wp-json\/wp\/v2\/comments?post=2253"}],"version-history":[{"count":14,"href":"https:\/\/compoman.ee\/da\/wp-json\/wp\/v2\/pages\/2253\/revisions"}],"predecessor-version":[{"id":12786,"href":"https:\/\/compoman.ee\/da\/wp-json\/wp\/v2\/pages\/2253\/revisions\/12786"}],"wp:attachment":[{"href":"https:\/\/compoman.ee\/da\/wp-json\/wp\/v2\/media?parent=2253"}],"curies":[{"name":"wp","href":"https:\/\/api.w.org\/{rel}","templated":true}]}}